{"id":155,"date":"2023-02-07T17:58:42","date_gmt":"2023-02-07T17:58:42","guid":{"rendered":"https:\/\/fipro.seolog.org\/?page_id=155"},"modified":"2023-03-07T08:26:34","modified_gmt":"2023-03-07T08:26:34","slug":"foam-fire-sprinkler-system","status":"publish","type":"page","link":"https:\/\/www.fiprofire.com\/en\/fire-protection-systems\/foam-fire-sprinkler-system\/","title":{"rendered":"Foam Fire Sprinkler System"},"content":{"rendered":"\t\t<div data-elementor-type=\"wp-post\" data-elementor-id=\"155\" class=\"elementor elementor-155\">\n\t\t\t\t\t\t\t\t\t<section class=\"elementor-section elementor-top-section elementor-element elementor-element-bc78241 elementor-section-boxed elementor-section-height-default elementor-section-height-default\" data-id=\"bc78241\" data-element_type=\"section\" data-settings=\"{&quot;background_background&quot;:&quot;classic&quot;}\">\n\t\t\t\t\t\t\t<div class=\"elementor-background-overlay\"><\/div>\n\t\t\t\t\t\t\t<div class=\"elementor-container elementor-column-gap-default\">\n\t\t\t\t\t<div class=\"elementor-column elementor-col-100 elementor-top-column elementor-element elementor-element-761ec15d\" data-id=\"761ec15d\" data-element_type=\"column\">\n\t\t\t<div class=\"elementor-widget-wrap elementor-element-populated\">\n\t\t\t\t\t\t\t\t<div class=\"elementor-element elementor-element-b4e993f elementor-widget elementor-widget-heading\" data-id=\"b4e993f\" data-element_type=\"widget\" data-widget_type=\"heading.default\">\n\t\t\t\t<div class=\"elementor-widget-container\">\n\t\t\t<style>\/*! elementor - v3.16.0 - 09-10-2023 *\/\n.elementor-heading-title{padding:0;margin:0;line-height:1}.elementor-widget-heading .elementor-heading-title[class*=elementor-size-]>a{color:inherit;font-size:inherit;line-height:inherit}.elementor-widget-heading .elementor-heading-title.elementor-size-small{font-size:15px}.elementor-widget-heading .elementor-heading-title.elementor-size-medium{font-size:19px}.elementor-widget-heading .elementor-heading-title.elementor-size-large{font-size:29px}.elementor-widget-heading .elementor-heading-title.elementor-size-xl{font-size:39px}.elementor-widget-heading .elementor-heading-title.elementor-size-xxl{font-size:59px}<\/style><h1 class=\"elementor-heading-title elementor-size-default\">Foam Fire Sprinkler System<\/h1>\t\t<\/div>\n\t\t\t\t<\/div>\n\t\t\t\t<div class=\"elementor-element elementor-element-2d16930 elementor-icon-list--layout-inline elementor-align-center elementor-list-item-link-full_width elementor-widget elementor-widget-icon-list\" data-id=\"2d16930\" data-element_type=\"widget\" data-widget_type=\"icon-list.default\">\n\t\t\t\t<div class=\"elementor-widget-container\">\n\t\t\t<link rel=\"stylesheet\" href=\"https:\/\/www.fiprofire.com\/en\/wp-content\/plugins\/elementor\/assets\/css\/widget-icon-list.min.css\">\t\t<ul class=\"elementor-icon-list-items elementor-inline-items\">\n\t\t\t\t\t\t\t<li class=\"elementor-icon-list-item elementor-inline-item\">\n\t\t\t\t\t\t\t\t\t\t<span class=\"elementor-icon-list-text\">Home Page<\/span>\n\t\t\t\t\t\t\t\t\t<\/li>\n\t\t\t\t\t\t\t\t<li class=\"elementor-icon-list-item elementor-inline-item\">\n\t\t\t\t\t\t\t\t\t\t\t<span class=\"elementor-icon-list-icon\">\n\t\t\t\t\t\t\t<i aria-hidden=\"true\" class=\"fas fa-chevron-right\"><\/i>\t\t\t\t\t\t<\/span>\n\t\t\t\t\t\t\t\t\t\t<span class=\"elementor-icon-list-text\">Fire Protection Systems<\/span>\n\t\t\t\t\t\t\t\t\t<\/li>\n\t\t\t\t\t\t\t\t<li class=\"elementor-icon-list-item elementor-inline-item\">\n\t\t\t\t\t\t\t\t\t\t\t<span class=\"elementor-icon-list-icon\">\n\t\t\t\t\t\t\t<i aria-hidden=\"true\" class=\"fas fa-chevron-right\"><\/i>\t\t\t\t\t\t<\/span>\n\t\t\t\t\t\t\t\t\t\t<span class=\"elementor-icon-list-text\">Foam Fire Sprinkler System<\/span>\n\t\t\t\t\t\t\t\t\t<\/li>\n\t\t\t\t\t\t<\/ul>\n\t\t\t\t<\/div>\n\t\t\t\t<\/div>\n\t\t\t\t\t<\/div>\n\t\t<\/div>\n\t\t\t\t\t\t\t<\/div>\n\t\t<\/section>\n\t\t\t\t<section class=\"elementor-section elementor-top-section elementor-element elementor-element-4d2f5bf elementor-section-boxed elementor-section-height-default elementor-section-height-default\" data-id=\"4d2f5bf\" data-element_type=\"section\">\n\t\t\t\t\t\t<div class=\"elementor-container elementor-column-gap-no\">\n\t\t\t\t\t<div class=\"elementor-column elementor-col-100 elementor-top-column elementor-element elementor-element-352051d\" data-id=\"352051d\" data-element_type=\"column\">\n\t\t\t<div class=\"elementor-widget-wrap elementor-element-populated\">\n\t\t\t\t\t\t\t\t<div class=\"elementor-element elementor-element-728627f2 elementor-widget elementor-widget-heading\" data-id=\"728627f2\" data-element_type=\"widget\" data-widget_type=\"heading.default\">\n\t\t\t\t<div class=\"elementor-widget-container\">\n\t\t\t<h2 class=\"elementor-heading-title elementor-size-default\">Foam Fire Sprinkler System<\/h2>\t\t<\/div>\n\t\t\t\t<\/div>\n\t\t\t\t\t<\/div>\n\t\t<\/div>\n\t\t\t\t\t\t\t<\/div>\n\t\t<\/section>\n\t\t\t\t<section class=\"elementor-section elementor-top-section elementor-element elementor-element-2c832034 elementor-section-boxed elementor-section-height-default elementor-section-height-default\" data-id=\"2c832034\" data-element_type=\"section\">\n\t\t\t\t\t\t<div class=\"elementor-container elementor-column-gap-no\">\n\t\t\t\t\t<div class=\"elementor-column elementor-col-50 elementor-top-column elementor-element elementor-element-29dcd8f3\" data-id=\"29dcd8f3\" data-element_type=\"column\">\n\t\t\t<div class=\"elementor-widget-wrap elementor-element-populated\">\n\t\t\t\t\t\t\t\t<div class=\"elementor-element elementor-element-22be787e elementor-widget elementor-widget-text-editor\" data-id=\"22be787e\" data-element_type=\"widget\" data-widget_type=\"text-editor.default\">\n\t\t\t\t<div class=\"elementor-widget-container\">\n\t\t\t<style>\/*! elementor - v3.16.0 - 09-10-2023 *\/\n.elementor-widget-text-editor.elementor-drop-cap-view-stacked .elementor-drop-cap{background-color:#69727d;color:#fff}.elementor-widget-text-editor.elementor-drop-cap-view-framed .elementor-drop-cap{color:#69727d;border:3px solid;background-color:transparent}.elementor-widget-text-editor:not(.elementor-drop-cap-view-default) .elementor-drop-cap{margin-top:8px}.elementor-widget-text-editor:not(.elementor-drop-cap-view-default) .elementor-drop-cap-letter{width:1em;height:1em}.elementor-widget-text-editor .elementor-drop-cap{float:left;text-align:center;line-height:1;font-size:50px}.elementor-widget-text-editor .elementor-drop-cap-letter{display:inline-block}<\/style>\t\t\t\t<p>These systems are extremely complex in nature and require a high level of engineering to be properly designed and installed. Basically, foam fire sprinklers can be wet or dry pipe, deluge, pre-reaction or spray type depending on the hazard and application. It is mainly used to form a coherent floating blanket on flammable and combustible liquids to prevent or extinguish fires by excluding air and cooling the fuel. It then prevents re-ignition by suppressing the formation of flammable vapours, and also adheres to surfaces, providing a degree of exposure protection from adjacent fires. Foam can be used as a fire prevention, control or extinguishing agent for flammable liquid in tanks or processing areas.<\/p><p><strong>Low expansion foam systems<\/strong><\/p><p>Low Expansion foam systems offer an expansion ratio of 5:1, making it the foam system of choice for protecting large and hazardous facilities including;<\/p><p>petro-chemical tank farms,<\/p><p>loading ramps,<\/p><p>chemical production facilities,<\/p><p>flammable liquid tanks,<\/p><p>processing areas and refineries.<\/p><p><strong>High expansion foam systems<\/strong><\/p><p>High Expansion foam systems with an expansion ratio of 500:1 are better suited to protect less common three-dimensional hazardous facilities;<\/p><p>warehouses,<\/p><p>conveyors,<\/p><p>aircraft hangars<\/p><p>Therefore, high-expansion foam is measured by volume output rather than application rate, as is typical with low-expansion foams.Foam extinguishing systems are the most effective fire protection for this risky area, especially in fire categories A and B.<\/p><p>Expansion rate, discharge device and foam concentrate must be correct for maximum effectiveness. With our knowledge and expertise, Fipro can recommend the most suitable devices for your situation.<\/p>\t\t\t\t\t\t<\/div>\n\t\t\t\t<\/div>\n\t\t\t\t\t<\/div>\n\t\t<\/div>\n\t\t\t\t<div class=\"elementor-column elementor-col-50 elementor-top-column elementor-element elementor-element-2f5fb526\" data-id=\"2f5fb526\" data-element_type=\"column\">\n\t\t\t<div class=\"elementor-widget-wrap elementor-element-populated\">\n\t\t\t\t\t\t\t\t<div class=\"elementor-element elementor-element-7cdcbbf elementor-invisible elementor-widget elementor-widget-image\" data-id=\"7cdcbbf\" data-element_type=\"widget\" data-settings=\"{&quot;_animation&quot;:&quot;slideInRight&quot;}\" data-widget_type=\"image.default\">\n\t\t\t\t<div class=\"elementor-widget-container\">\n\t\t\t<style>\/*! elementor - v3.16.0 - 09-10-2023 *\/\n.elementor-widget-image{text-align:center}.elementor-widget-image a{display:inline-block}.elementor-widget-image a img[src$=\".svg\"]{width:48px}.elementor-widget-image img{vertical-align:middle;display:inline-block}<\/style>\t\t\t\t\t\t\t\t\t\t\t\t<img loading=\"lazy\" decoding=\"async\" width=\"800\" height=\"391\" src=\"https:\/\/www.fiprofire.com\/en\/wp-content\/uploads\/2023\/02\/high-expansion-foam-1-1024x501.jpeg\" class=\"attachment-large size-large wp-image-594\" alt=\"K\u00f6p\u00fckl\u00fc Yang\u0131n S\u00f6nd\u00fcrme Sistemi\" srcset=\"https:\/\/www.fiprofire.com\/en\/wp-content\/uploads\/2023\/02\/high-expansion-foam-1-1024x501.jpeg 1024w, https:\/\/www.fiprofire.com\/en\/wp-content\/uploads\/2023\/02\/high-expansion-foam-1-300x147.jpeg 300w, https:\/\/www.fiprofire.com\/en\/wp-content\/uploads\/2023\/02\/high-expansion-foam-1-768x376.jpeg 768w, https:\/\/www.fiprofire.com\/en\/wp-content\/uploads\/2023\/02\/high-expansion-foam-1-1536x751.jpeg 1536w, https:\/\/www.fiprofire.com\/en\/wp-content\/uploads\/2023\/02\/high-expansion-foam-1-2048x1002.jpeg 2048w\" sizes=\"auto, (max-width: 800px) 100vw, 800px\" \/>\t\t\t\t\t\t\t\t\t\t\t\t\t\t\t<\/div>\n\t\t\t\t<\/div>\n\t\t\t\t<div class=\"elementor-element elementor-element-317208b animated-slow elementor-invisible elementor-widget elementor-widget-image\" data-id=\"317208b\" data-element_type=\"widget\" data-settings=\"{&quot;_animation&quot;:&quot;slideInUp&quot;,&quot;_animation_delay&quot;:500}\" data-widget_type=\"image.default\">\n\t\t\t\t<div class=\"elementor-widget-container\">\n\t\t\t\t\t\t\t\t\t\t\t\t\t\t\t<img loading=\"lazy\" decoding=\"async\" width=\"800\" height=\"443\" src=\"https:\/\/www.fiprofire.com\/en\/wp-content\/uploads\/2023\/02\/high-expansion-foam-2-1024x567.jpeg\" class=\"attachment-large size-large wp-image-595\" alt=\"K\u00f6p\u00fckl\u00fc Yang\u0131n S\u00f6nd\u00fcrme Sistemi\" srcset=\"https:\/\/www.fiprofire.com\/en\/wp-content\/uploads\/2023\/02\/high-expansion-foam-2-1024x567.jpeg 1024w, https:\/\/www.fiprofire.com\/en\/wp-content\/uploads\/2023\/02\/high-expansion-foam-2-300x166.jpeg 300w, https:\/\/www.fiprofire.com\/en\/wp-content\/uploads\/2023\/02\/high-expansion-foam-2-768x425.jpeg 768w, https:\/\/www.fiprofire.com\/en\/wp-content\/uploads\/2023\/02\/high-expansion-foam-2-1536x851.jpeg 1536w, https:\/\/www.fiprofire.com\/en\/wp-content\/uploads\/2023\/02\/high-expansion-foam-2-2048x1134.jpeg 2048w\" sizes=\"auto, (max-width: 800px) 100vw, 800px\" \/>\t\t\t\t\t\t\t\t\t\t\t\t\t\t\t<\/div>\n\t\t\t\t<\/div>\n\t\t\t\t<div class=\"elementor-element elementor-element-bf07c21 animated-slow elementor-invisible elementor-widget elementor-widget-image\" data-id=\"bf07c21\" data-element_type=\"widget\" data-settings=\"{&quot;_animation&quot;:&quot;bounceInUp&quot;,&quot;_animation_delay&quot;:500}\" data-widget_type=\"image.default\">\n\t\t\t\t<div class=\"elementor-widget-container\">\n\t\t\t\t\t\t\t\t\t\t\t\t\t\t\t<img loading=\"lazy\" decoding=\"async\" width=\"800\" height=\"425\" src=\"https:\/\/www.fiprofire.com\/en\/wp-content\/uploads\/2023\/02\/high-expansion-foam-3-1024x544.jpeg\" class=\"attachment-large size-large wp-image-602\" alt=\"Kuru Borulu Sprinkler\" srcset=\"https:\/\/www.fiprofire.com\/en\/wp-content\/uploads\/2023\/02\/high-expansion-foam-3-1024x544.jpeg 1024w, https:\/\/www.fiprofire.com\/en\/wp-content\/uploads\/2023\/02\/high-expansion-foam-3-300x159.jpeg 300w, https:\/\/www.fiprofire.com\/en\/wp-content\/uploads\/2023\/02\/high-expansion-foam-3-768x408.jpeg 768w, https:\/\/www.fiprofire.com\/en\/wp-content\/uploads\/2023\/02\/high-expansion-foam-3-1536x816.jpeg 1536w, https:\/\/www.fiprofire.com\/en\/wp-content\/uploads\/2023\/02\/high-expansion-foam-3.jpeg 2004w\" sizes=\"auto, (max-width: 800px) 100vw, 800px\" \/>\t\t\t\t\t\t\t\t\t\t\t\t\t\t\t<\/div>\n\t\t\t\t<\/div>\n\t\t\t\t\t<\/div>\n\t\t<\/div>\n\t\t\t\t\t\t\t<\/div>\n\t\t<\/section>\n\t\t\t\t\t\t\t<\/div>\n\t\t","protected":false},"excerpt":{"rendered":"<p>Foam Fire Sprinkler System Home Page Fire Protection Systems Foam Fire Sprinkler System Foam Fire Sprinkler System These systems are extremely complex in nature and require a high level of engineering to be properly designed and installed. Basically, foam fire sprinklers can be wet or dry pipe, deluge, pre-reaction or spray type depending on the [&hellip;]<\/p>\n","protected":false},"author":1,"featured_media":0,"parent":97,"menu_order":0,"comment_status":"closed","ping_status":"closed","template":"elementor_header_footer","meta":{"footnotes":""},"class_list":["post-155","page","type-page","status-publish","hentry"],"_links":{"self":[{"href":"https:\/\/www.fiprofire.com\/en\/wp-json\/wp\/v2\/pages\/155","targetHints":{"allow":["GET"]}}],"collection":[{"href":"https:\/\/www.fiprofire.com\/en\/wp-json\/wp\/v2\/pages"}],"about":[{"href":"https:\/\/www.fiprofire.com\/en\/wp-json\/wp\/v2\/types\/page"}],"author":[{"embeddable":true,"href":"https:\/\/www.fiprofire.com\/en\/wp-json\/wp\/v2\/users\/1"}],"replies":[{"embeddable":true,"href":"https:\/\/www.fiprofire.com\/en\/wp-json\/wp\/v2\/comments?post=155"}],"version-history":[{"count":62,"href":"https:\/\/www.fiprofire.com\/en\/wp-json\/wp\/v2\/pages\/155\/revisions"}],"predecessor-version":[{"id":1553,"href":"https:\/\/www.fiprofire.com\/en\/wp-json\/wp\/v2\/pages\/155\/revisions\/1553"}],"up":[{"embeddable":true,"href":"https:\/\/www.fiprofire.com\/en\/wp-json\/wp\/v2\/pages\/97"}],"wp:attachment":[{"href":"https:\/\/www.fiprofire.com\/en\/wp-json\/wp\/v2\/media?parent=155"}],"curies":[{"name":"wp","href":"https:\/\/api.w.org\/{rel}","templated":true}]}}